{"id":54,"date":"2025-06-16T10:40:17","date_gmt":"2025-06-16T10:40:17","guid":{"rendered":"https:\/\/colleges.claremont.edu\/jointmusicprogram\/?page_id=54"},"modified":"2026-04-21T16:33:23","modified_gmt":"2026-04-21T16:33:23","slug":"orchestra-director","status":"publish","type":"page","link":"https:\/\/colleges.claremont.edu\/jointmusicprogram\/orchestras\/orchestra-director\/","title":{"rendered":"Orchestra Director"},"content":{"rendered":"<p>&nbsp;<\/p>\n<div style=\"display: flex; gap: 20px;\">\n<div style=\"width: 100%;\">\n<p>DAVID CUBEK is equally at home leading professional, youth, university, and community orchestras. He is a Professor of Music and the director of the Claremont Concert Orchestra of Claremont McKenna, Harvey Mudd, Pitzer, and Scripps Colleges. In addition, he is the music director and conductor of the Peninsula Symphony in Palos Verdes, California. Mr. Cubek served as assistant conductor of the Pasadena Symphony and conductor of the PYSO Philharmonic from 2016 until 2022.<\/p>\n<\/div>\n<div style=\"width: 50%;\"><img loading=\"lazy\" decoding=\"async\" class=\"alignnone size-medium wp-image-55 img-fluid\" src=\"https:\/\/colleges.claremont.edu\/jointmusicprogram\/wp-content\/uploads\/sites\/55\/2025\/06\/Headshot-1-624x832-1-225x300.jpg\" alt=\"\" width=\"225\" height=\"300\" srcset=\"https:\/\/colleges.claremont.edu\/jointmusicprogram\/wp-content\/uploads\/sites\/55\/2025\/06\/Headshot-1-624x832-1-225x300.jpg 225w, https:\/\/colleges.claremont.edu\/jointmusicprogram\/wp-content\/uploads\/sites\/55\/2025\/06\/Headshot-1-624x832-1-68x90.jpg 68w, https:\/\/colleges.claremont.edu\/jointmusicprogram\/wp-content\/uploads\/sites\/55\/2025\/06\/Headshot-1-624x832-1-68x90@2x.jpg 136w, https:\/\/colleges.claremont.edu\/jointmusicprogram\/wp-content\/uploads\/sites\/55\/2025\/06\/Headshot-1-624x832-1.jpg 624w\" sizes=\"auto, (max-width: 225px) 100vw, 225px\" \/><\/div>\n<\/div>\n<p>In addition to being passionate about conducting and teaching, he is a firm believer in the power of music to foster social change. Mr. Cubek has conducted various ensembles from Venezuela\u2019s admired program known as El Sistema, including the internationally recognized Teresa Carre\u00f1o and Sim\u00f3n Bol\u00edvar symphony orchestras. In the United States, he has collaborated with several El Sistema inspired programs and served as the conducting instructor of the MAT Program of the Longy School of Music of Bard College, which provided training for professional musicians aspiring to become agents of social change. He currently serves as conducting advisor for the Los Angeles Philharmonic&#8217;s YOLA program.<\/p>\n<p>\u200bBorn in Caracas, Venezuela, Mr. Cubek began private piano and composition lessons at the age of 7 before entering the Sim\u00f3n Bol\u00edvar Conservatory. In 1999, he moved to Montreal to continue his music education at McGill University and the Conservatory of Montreal. At the latter institution, he was awarded First Prize with Great Distinction in orchestral conducting. Mr. Cubek completed his doctoral studies in orchestral conducting at Northwestern University, where he served as assistant and guest conductor of the opera program, and the Chamber and Symphony Orchestras. He was music director of the University of Chicago Chamber Orchestra and a lecturer in music theory at both Northwestern and McGill. In addition, Mr. Cubek has led ensembles in Brazil, Canada, Costa Rica, the Czech Republic, Ecuador, Italy, Mexico, Sweden, and Ukraine. In California, his guest appearances include concerts with the San Bernardino Symphony Orchestra, the Eastern Sierra Symphony, and the Claremont Young Musicians Orchestra.<\/p>\n<p>A double recipient of Scripps College\u2019s Mary W. Johnson Award for excellence in teaching, Mr. Cubek is an enthusiastic advocate of new music. At the Claremont Colleges, he has taught classes based on 20th- and 21st-century repertoires. As conductor of Fonema Consort, he has sustained an active international concert schedule focused on premiering new compositions.<\/p>\n<p>Click\u00a0<a href=\"http:\/\/www.davidcubek.com\/\" target=\"_blank\" rel=\"noopener\">here<\/a>\u00a0to visit his personal website.<\/p>\n<p>&nbsp;<\/p>\n","protected":false},"excerpt":{"rendered":"<p>&nbsp; DAVID CUBEK is equally at home leading professional, youth, university, and community orchestras. He is a Professor of Music and the director of the Claremont Concert Orchestra of Claremont [&hellip;]<\/p>\n","protected":false},"author":256,"featured_media":0,"parent":22,"menu_order":4,"comment_status":"closed","ping_status":"closed","template":"","meta":{"_acf_changed":false,"_price":"","_stock":"","_tribe_ticket_header":"","_tribe_default_ticket_provider":"","_tribe_ticket_capacity":"0","_ticket_start_date":"","_ticket_end_date":"","_tribe_ticket_show_description":"","_tribe_ticket_show_not_going":false,"_tribe_ticket_use_global_stock":"","_tribe_ticket_global_stock_level":"","_global_stock_mode":"","_global_stock_cap":"","_tribe_rsvp_for_event":"","_tribe_ticket_going_count":"","_tribe_ticket_not_going_count":"","_tribe_tickets_list":"[]","_tribe_ticket_has_attendee_info_fields":false,"footnotes":""},"class_list":["post-54","page","type-page","status-publish","hentry"],"acf":[],"yoast_head":"<!-- This site is optimized with the Yoast SEO plugin v27.2 - https:\/\/yoast.com\/product\/yoast-seo-wordpress\/ -->\n<title>Orchestra Director - The Joint Music Program<\/title>\n<meta name=\"robots\" content=\"index, follow, max-snippet:-1, max-image-preview:large, max-video-preview:-1\" \/>\n<link rel=\"canonical\" href=\"https:\/\/colleges.claremont.edu\/jointmusicprogram\/orchestras\/orchestra-director\/\" \/>\n<meta property=\"og:locale\" content=\"en_US\" \/>\n<meta property=\"og:type\" content=\"article\" \/>\n<meta property=\"og:title\" content=\"Orchestra Director - The Joint Music Program\" \/>\n<meta property=\"og:description\" content=\"&nbsp; DAVID CUBEK is equally at home leading professional, youth, university, and community orchestras. He is a Professor of Music and the director of the Claremont Concert Orchestra of Claremont [&hellip;]\" \/>\n<meta property=\"og:url\" content=\"https:\/\/colleges.claremont.edu\/jointmusicprogram\/orchestras\/orchestra-director\/\" \/>\n<meta property=\"og:site_name\" content=\"The Joint Music Program\" \/>\n<meta property=\"article:modified_time\" content=\"2026-04-21T16:33:23+00:00\" \/>\n<meta property=\"og:image\" content=\"https:\/\/colleges.claremont.edu\/jointmusicprogram\/wp-content\/uploads\/sites\/55\/2025\/06\/Headshot-1-624x832-1.jpg\" \/>\n\t<meta property=\"og:image:width\" content=\"624\" \/>\n\t<meta property=\"og:image:height\" content=\"832\" \/>\n\t<meta property=\"og:image:type\" content=\"image\/jpeg\" \/>\n<meta name=\"twitter:card\" content=\"summary_large_image\" \/>\n<meta name=\"twitter:label1\" content=\"Est. reading time\" \/>\n\t<meta name=\"twitter:data1\" content=\"2 minutes\" \/>\n<script type=\"application\/ld+json\" class=\"yoast-schema-graph\">{\"@context\":\"https:\/\/schema.org\",\"@graph\":[{\"@type\":\"WebPage\",\"@id\":\"https:\/\/colleges.claremont.edu\/jointmusicprogram\/orchestras\/orchestra-director\/\",\"url\":\"https:\/\/colleges.claremont.edu\/jointmusicprogram\/orchestras\/orchestra-director\/\",\"name\":\"Orchestra Director - The Joint Music Program\",\"isPartOf\":{\"@id\":\"https:\/\/colleges.claremont.edu\/jointmusicprogram\/#website\"},\"primaryImageOfPage\":{\"@id\":\"https:\/\/colleges.claremont.edu\/jointmusicprogram\/orchestras\/orchestra-director\/#primaryimage\"},\"image\":{\"@id\":\"https:\/\/colleges.claremont.edu\/jointmusicprogram\/orchestras\/orchestra-director\/#primaryimage\"},\"thumbnailUrl\":\"https:\/\/colleges.claremont.edu\/jointmusicprogram\/wp-content\/uploads\/sites\/55\/2025\/06\/Headshot-1-624x832-1-225x300.jpg\",\"datePublished\":\"2025-06-16T10:40:17+00:00\",\"dateModified\":\"2026-04-21T16:33:23+00:00\",\"breadcrumb\":{\"@id\":\"https:\/\/colleges.claremont.edu\/jointmusicprogram\/orchestras\/orchestra-director\/#breadcrumb\"},\"inLanguage\":\"en-US\",\"potentialAction\":[{\"@type\":\"ReadAction\",\"target\":[\"https:\/\/colleges.claremont.edu\/jointmusicprogram\/orchestras\/orchestra-director\/\"]}]},{\"@type\":\"ImageObject\",\"inLanguage\":\"en-US\",\"@id\":\"https:\/\/colleges.claremont.edu\/jointmusicprogram\/orchestras\/orchestra-director\/#primaryimage\",\"url\":\"https:\/\/colleges.claremont.edu\/jointmusicprogram\/wp-content\/uploads\/sites\/55\/2025\/06\/Headshot-1-624x832-1.jpg\",\"contentUrl\":\"https:\/\/colleges.claremont.edu\/jointmusicprogram\/wp-content\/uploads\/sites\/55\/2025\/06\/Headshot-1-624x832-1.jpg\",\"width\":624,\"height\":832},{\"@type\":\"BreadcrumbList\",\"@id\":\"https:\/\/colleges.claremont.edu\/jointmusicprogram\/orchestras\/orchestra-director\/#breadcrumb\",\"itemListElement\":[{\"@type\":\"ListItem\",\"position\":1,\"name\":\"Home\",\"item\":\"https:\/\/colleges.claremont.edu\/jointmusicprogram\/\"},{\"@type\":\"ListItem\",\"position\":2,\"name\":\"Orchestra\",\"item\":\"https:\/\/colleges.claremont.edu\/jointmusicprogram\/orchestras\/\"},{\"@type\":\"ListItem\",\"position\":3,\"name\":\"Orchestra Director\"}]},{\"@type\":\"WebSite\",\"@id\":\"https:\/\/colleges.claremont.edu\/jointmusicprogram\/#website\",\"url\":\"https:\/\/colleges.claremont.edu\/jointmusicprogram\/\",\"name\":\"The Joint Music Program\",\"description\":\"\",\"potentialAction\":[{\"@type\":\"SearchAction\",\"target\":{\"@type\":\"EntryPoint\",\"urlTemplate\":\"https:\/\/colleges.claremont.edu\/jointmusicprogram\/?s={search_term_string}\"},\"query-input\":{\"@type\":\"PropertyValueSpecification\",\"valueRequired\":true,\"valueName\":\"search_term_string\"}}],\"inLanguage\":\"en-US\"}]}<\/script>\n<!-- \/ Yoast SEO plugin. -->","yoast_head_json":{"title":"Orchestra Director - The Joint Music Program","robots":{"index":"index","follow":"follow","max-snippet":"max-snippet:-1","max-image-preview":"max-image-preview:large","max-video-preview":"max-video-preview:-1"},"canonical":"https:\/\/colleges.claremont.edu\/jointmusicprogram\/orchestras\/orchestra-director\/","og_locale":"en_US","og_type":"article","og_title":"Orchestra Director - The Joint Music Program","og_description":"&nbsp; DAVID CUBEK is equally at home leading professional, youth, university, and community orchestras. He is a Professor of Music and the director of the Claremont Concert Orchestra of Claremont [&hellip;]","og_url":"https:\/\/colleges.claremont.edu\/jointmusicprogram\/orchestras\/orchestra-director\/","og_site_name":"The Joint Music Program","article_modified_time":"2026-04-21T16:33:23+00:00","og_image":[{"width":624,"height":832,"url":"https:\/\/colleges.claremont.edu\/jointmusicprogram\/wp-content\/uploads\/sites\/55\/2025\/06\/Headshot-1-624x832-1.jpg","type":"image\/jpeg"}],"twitter_card":"summary_large_image","twitter_misc":{"Est. reading time":"2 minutes"},"schema":{"@context":"https:\/\/schema.org","@graph":[{"@type":"WebPage","@id":"https:\/\/colleges.claremont.edu\/jointmusicprogram\/orchestras\/orchestra-director\/","url":"https:\/\/colleges.claremont.edu\/jointmusicprogram\/orchestras\/orchestra-director\/","name":"Orchestra Director - The Joint Music Program","isPartOf":{"@id":"https:\/\/colleges.claremont.edu\/jointmusicprogram\/#website"},"primaryImageOfPage":{"@id":"https:\/\/colleges.claremont.edu\/jointmusicprogram\/orchestras\/orchestra-director\/#primaryimage"},"image":{"@id":"https:\/\/colleges.claremont.edu\/jointmusicprogram\/orchestras\/orchestra-director\/#primaryimage"},"thumbnailUrl":"https:\/\/colleges.claremont.edu\/jointmusicprogram\/wp-content\/uploads\/sites\/55\/2025\/06\/Headshot-1-624x832-1-225x300.jpg","datePublished":"2025-06-16T10:40:17+00:00","dateModified":"2026-04-21T16:33:23+00:00","breadcrumb":{"@id":"https:\/\/colleges.claremont.edu\/jointmusicprogram\/orchestras\/orchestra-director\/#breadcrumb"},"inLanguage":"en-US","potentialAction":[{"@type":"ReadAction","target":["https:\/\/colleges.claremont.edu\/jointmusicprogram\/orchestras\/orchestra-director\/"]}]},{"@type":"ImageObject","inLanguage":"en-US","@id":"https:\/\/colleges.claremont.edu\/jointmusicprogram\/orchestras\/orchestra-director\/#primaryimage","url":"https:\/\/colleges.claremont.edu\/jointmusicprogram\/wp-content\/uploads\/sites\/55\/2025\/06\/Headshot-1-624x832-1.jpg","contentUrl":"https:\/\/colleges.claremont.edu\/jointmusicprogram\/wp-content\/uploads\/sites\/55\/2025\/06\/Headshot-1-624x832-1.jpg","width":624,"height":832},{"@type":"BreadcrumbList","@id":"https:\/\/colleges.claremont.edu\/jointmusicprogram\/orchestras\/orchestra-director\/#breadcrumb","itemListElement":[{"@type":"ListItem","position":1,"name":"Home","item":"https:\/\/colleges.claremont.edu\/jointmusicprogram\/"},{"@type":"ListItem","position":2,"name":"Orchestra","item":"https:\/\/colleges.claremont.edu\/jointmusicprogram\/orchestras\/"},{"@type":"ListItem","position":3,"name":"Orchestra Director"}]},{"@type":"WebSite","@id":"https:\/\/colleges.claremont.edu\/jointmusicprogram\/#website","url":"https:\/\/colleges.claremont.edu\/jointmusicprogram\/","name":"The Joint Music Program","description":"","potentialAction":[{"@type":"SearchAction","target":{"@type":"EntryPoint","urlTemplate":"https:\/\/colleges.claremont.edu\/jointmusicprogram\/?s={search_term_string}"},"query-input":{"@type":"PropertyValueSpecification","valueRequired":true,"valueName":"search_term_string"}}],"inLanguage":"en-US"}]}},"_links":{"self":[{"href":"https:\/\/colleges.claremont.edu\/jointmusicprogram\/wp-json\/wp\/v2\/pages\/54","targetHints":{"allow":["GET"]}}],"collection":[{"href":"https:\/\/colleges.claremont.edu\/jointmusicprogram\/wp-json\/wp\/v2\/pages"}],"about":[{"href":"https:\/\/colleges.claremont.edu\/jointmusicprogram\/wp-json\/wp\/v2\/types\/page"}],"author":[{"embeddable":true,"href":"https:\/\/colleges.claremont.edu\/jointmusicprogram\/wp-json\/wp\/v2\/users\/256"}],"replies":[{"embeddable":true,"href":"https:\/\/colleges.claremont.edu\/jointmusicprogram\/wp-json\/wp\/v2\/comments?post=54"}],"version-history":[{"count":5,"href":"https:\/\/colleges.claremont.edu\/jointmusicprogram\/wp-json\/wp\/v2\/pages\/54\/revisions"}],"predecessor-version":[{"id":295,"href":"https:\/\/colleges.claremont.edu\/jointmusicprogram\/wp-json\/wp\/v2\/pages\/54\/revisions\/295"}],"up":[{"embeddable":true,"href":"https:\/\/colleges.claremont.edu\/jointmusicprogram\/wp-json\/wp\/v2\/pages\/22"}],"wp:attachment":[{"href":"https:\/\/colleges.claremont.edu\/jointmusicprogram\/wp-json\/wp\/v2\/media?parent=54"}],"curies":[{"name":"wp","href":"https:\/\/api.w.org\/{rel}","templated":true}]}}